{"id":1824,"date":"2022-03-21T17:55:16","date_gmt":"2022-03-21T16:55:16","guid":{"rendered":"https:\/\/demo.axenco.com\/?page_id=1824"},"modified":"2022-12-19T15:24:03","modified_gmt":"2022-12-19T14:24:03","slug":"1824-2","status":"publish","type":"page","link":"https:\/\/axenco.com\/?page_id=1824","title":{"rendered":"Informations sur les cookies"},"content":{"rendered":"<p>[et_pb_section fb_built=\u00a0\u00bb1&Prime; _builder_version=\u00a0\u00bb4.16&Prime; _module_preset=\u00a0\u00bbdefault\u00a0\u00bb custom_margin=\u00a0\u00bb0px|0px|0px|0px|false|false\u00a0\u00bb custom_padding=\u00a0\u00bb0px|0px|0px|0px|false|false\u00a0\u00bb global_colors_info=\u00a0\u00bb{}\u00a0\u00bb][et_pb_row module_class=\u00a0\u00bbfullWidth\u00a0\u00bb _builder_version=\u00a0\u00bb4.16&Prime; _module_preset=\u00a0\u00bbdefault\u00a0\u00bb custom_margin=\u00a0\u00bb0px|0px|0px|0px|false|false\u00a0\u00bb custom_padding=\u00a0\u00bb0px|0px|0px|0px|false|false\u00a0\u00bb global_colors_info=\u00a0\u00bb{}\u00a0\u00bb][et_pb_column type=\u00a0\u00bb4_4&Prime; _builder_version=\u00a0\u00bb4.16&Prime; _module_preset=\u00a0\u00bbdefault\u00a0\u00bb global_colors_info=\u00a0\u00bb{}\u00a0\u00bb][et_pb_image src=\u00a0\u00bbhttps:\/\/axenco.com\/wp-content\/uploads\/2021\/10\/Bandeau_Mentions-legales-1.jpg\u00a0\u00bb alt=\u00a0\u00bbImage bandeau Mentions L\u00e9gales\u00a0\u00bb title_text=\u00a0\u00bbImage bandeau Mentions L\u00e9gales\u00a0\u00bb _builder_version=\u00a0\u00bb4.16&Prime; _module_preset=\u00a0\u00bbdefault\u00a0\u00bb global_colors_info=\u00a0\u00bb{}\u00a0\u00bb][\/et_pb_image][\/et_pb_column][\/et_pb_row][et_pb_row column_structure=\u00a0\u00bb1_3,1_3,1_3&Prime; use_custom_gutter=\u00a0\u00bbon\u00a0\u00bb gutter_width=\u00a0\u00bb1&Prime; custom_padding_last_edited=\u00a0\u00bbon|tablet\u00a0\u00bb admin_label=\u00a0\u00bbMentions L\u00e9gales\u00a0\u00bb module_class=\u00a0\u00bbcustomCssTitleRubrique\u00a0\u00bb _builder_version=\u00a0\u00bb4.16&Prime; _module_preset=\u00a0\u00bbdefault\u00a0\u00bb width=\u00a0\u00bb100%\u00a0\u00bb max_width=\u00a0\u00bb2560px\u00a0\u00bb custom_margin=\u00a0\u00bb||||false|false\u00a0\u00bb custom_padding=\u00a0\u00bb80px||||false|false\u00a0\u00bb custom_padding_tablet=\u00a0\u00bb24px||||false|false\u00a0\u00bb custom_padding_phone=\u00a0\u00bb\u00a0\u00bb custom_css_main_element=\u00a0\u00bbdisplay: flex;\u00a0\u00bb locked=\u00a0\u00bboff\u00a0\u00bb global_colors_info=\u00a0\u00bb{}\u00a0\u00bb][et_pb_column type=\u00a0\u00bb1_3&Prime; _builder_version=\u00a0\u00bb4.16&Prime; _module_preset=\u00a0\u00bbdefault\u00a0\u00bb global_colors_info=\u00a0\u00bb{}\u00a0\u00bb][et_pb_divider color=\u00a0\u00bb#4a4946&Prime; divider_position=\u00a0\u00bbcenter\u00a0\u00bb divider_weight=\u00a0\u00bb2px\u00a0\u00bb _builder_version=\u00a0\u00bb4.16&Prime; _module_preset=\u00a0\u00bbdefault\u00a0\u00bb background_color=\u00a0\u00bbrgba(119,119,119,0)\u00a0\u00bb width=\u00a0\u00bb80%\u00a0\u00bb max_width=\u00a0\u00bb80%\u00a0\u00bb module_alignment=\u00a0\u00bbright\u00a0\u00bb custom_margin=\u00a0\u00bb||||false|false\u00a0\u00bb custom_padding=\u00a0\u00bb||||false|false\u00a0\u00bb global_colors_info=\u00a0\u00bb{}\u00a0\u00bb][\/et_pb_divider][\/et_pb_column][et_pb_column type=\u00a0\u00bb1_3&Prime; _builder_version=\u00a0\u00bb4.16&Prime; _module_preset=\u00a0\u00bbdefault\u00a0\u00bb global_colors_info=\u00a0\u00bb{}\u00a0\u00bb][et_pb_text module_class=\u00a0\u00bbtitreMenu\u00a0\u00bb _builder_version=\u00a0\u00bb4.16&Prime; _module_preset=\u00a0\u00bbdefault\u00a0\u00bb text_font=\u00a0\u00bbDENMARK||||||||\u00a0\u00bb text_text_color=\u00a0\u00bb#e02b20&Prime; text_font_size=\u00a0\u00bb33px\u00a0\u00bb text_line_height=\u00a0\u00bb1em\u00a0\u00bb header_text_color=\u00a0\u00bb#737778&Prime; header_font_size=\u00a0\u00bb33px\u00a0\u00bb text_orientation=\u00a0\u00bbcenter\u00a0\u00bb custom_margin=\u00a0\u00bb||||false|false\u00a0\u00bb custom_padding=\u00a0\u00bb||||false|false\u00a0\u00bb global_colors_info=\u00a0\u00bb{}\u00a0\u00bb]<\/p>\n<p>INFORMATIONS SUR LES COOKIES<\/p>\n<p>[\/et_pb_text][\/et_pb_column][et_pb_column type=\u00a0\u00bb1_3&Prime; _builder_version=\u00a0\u00bb4.16&Prime; _module_preset=\u00a0\u00bbdefault\u00a0\u00bb global_colors_info=\u00a0\u00bb{}\u00a0\u00bb][et_pb_divider color=\u00a0\u00bb#4a4946&Prime; divider_position=\u00a0\u00bbcenter\u00a0\u00bb divider_weight=\u00a0\u00bb2px\u00a0\u00bb _builder_version=\u00a0\u00bb4.16&Prime; _module_preset=\u00a0\u00bbdefault\u00a0\u00bb width=\u00a0\u00bb80%\u00a0\u00bb custom_padding=\u00a0\u00bb||||false|false\u00a0\u00bb global_colors_info=\u00a0\u00bb{}\u00a0\u00bb][\/et_pb_divider][\/et_pb_column][\/et_pb_row][\/et_pb_section][et_pb_section fb_built=\u00a0\u00bb1&Prime; custom_padding_last_edited=\u00a0\u00bbon|tablet\u00a0\u00bb _builder_version=\u00a0\u00bb4.16&Prime; _module_preset=\u00a0\u00bbdefault\u00a0\u00bb background_image=\u00a0\u00bbhttps:\/\/axenco.com\/wp-content\/uploads\/2022\/02\/Courbe-AXE-2.png\u00a0\u00bb custom_padding_tablet=\u00a0\u00bb0px||||false|false\u00a0\u00bb custom_padding_phone=\u00a0\u00bb\u00a0\u00bb global_colors_info=\u00a0\u00bb{}\u00a0\u00bb][et_pb_row use_custom_gutter=\u00a0\u00bbon\u00a0\u00bb gutter_width=\u00a0\u00bb1&Prime; _builder_version=\u00a0\u00bb4.16&Prime; _module_preset=\u00a0\u00bbdefault\u00a0\u00bb background_color_gradient_direction=\u00a0\u00bb360deg\u00a0\u00bb background_enable_image=\u00a0\u00bboff\u00a0\u00bb custom_margin=\u00a0\u00bb||||false|false\u00a0\u00bb custom_padding=\u00a0\u00bb|0px||0px|false|false\u00a0\u00bb global_colors_info=\u00a0\u00bb{}\u00a0\u00bb][et_pb_column type=\u00a0\u00bb4_4&Prime; _builder_version=\u00a0\u00bb4.16&Prime; _module_preset=\u00a0\u00bbdefault\u00a0\u00bb custom_padding=\u00a0\u00bb0px|0px|0px|0px|false|false\u00a0\u00bb global_colors_info=\u00a0\u00bb{}\u00a0\u00bb][et_pb_text _builder_version=\u00a0\u00bb4.16&Prime; _module_preset=\u00a0\u00bbdefault\u00a0\u00bb text_font=\u00a0\u00bbCentury Gothic Bold||||||||\u00a0\u00bb text_text_color=\u00a0\u00bb#e02b20&Prime; header_text_color=\u00a0\u00bb#e02b20&Prime; header_3_font=\u00a0\u00bbCentury Gothic Bold||||||||\u00a0\u00bb header_3_text_color=\u00a0\u00bb#e02b20&Prime; custom_margin=\u00a0\u00bb||||false|false\u00a0\u00bb custom_padding=\u00a0\u00bb||||false|false\u00a0\u00bb global_colors_info=\u00a0\u00bb{}\u00a0\u00bb]<\/p>\n<h3>Qu\u2019est-ce qu\u2019un cookie ?<\/h3>\n<p>[\/et_pb_text][et_pb_text _builder_version=\u00a0\u00bb4.16&Prime; _module_preset=\u00a0\u00bbdefault\u00a0\u00bb text_font=\u00a0\u00bbCentury Gothic Regular||||||||\u00a0\u00bb width=\u00a0\u00bb100%\u00a0\u00bb custom_margin=\u00a0\u00bb0px|0px|0px|0px|false|false\u00a0\u00bb custom_padding=\u00a0\u00bb0px|0px|0px|0px|false|false\u00a0\u00bb global_colors_info=\u00a0\u00bb{}\u00a0\u00bb]<\/p>\n<p>Un cookie est une information d\u00e9pos\u00e9e sur le disque dur d\u2019un internaute par le serveur du site qu\u2019il visite. Il contient plusieurs donn\u00e9es : le nom du serveur qui l\u2019a d\u00e9pos\u00e9, un identifiant sous forme de num\u00e9ro unique, \u00e9ventuellement une date d\u2019expiration. Ces informations sont parfois stock\u00e9es sur l\u2019ordinateur dans un simple fichier texte auquel un serveur acc\u00e8de pour lire et enregistrer des informations. Les cookies HTTP peuvent \u00eatre enregistr\u00e9s pendant une dur\u00e9e qui sera limit\u00e9e au temps que vous passez sur un site donn\u00e9 (il s\u2019agit alors de cookies de session) ou peuvent rester enregistr\u00e9s sur votre navigateur pendant une dur\u00e9e d\u00e9termin\u00e9e plus longue que celle de votre session en cours (on parle alors de cookies permanents).<br \/>Les cookies ne sont porteurs d\u2019aucun virus et ne peuvent pas installer de logiciels malveillants.<\/p>\n<p>Les cookies ont diff\u00e9rentes fonctions. Un cookie peut permettre \u00e0 celui qui l\u2019a d\u00e9pos\u00e9 de reconna\u00eetre un internaute, d\u2019une visite \u00e0 une autre, gr\u00e2ce \u00e0 un identifiant unique. Certains cookies peuvent aussi \u00eatre utilis\u00e9s pour stocker le contenu d\u2019un panier d\u2019achat, d\u2019autres pour enregistrer les param\u00e8tres de langue d\u2019un site, d\u2019autres encore pour faire de la publicit\u00e9 cibl\u00e9e.<\/p>\n<p>[\/et_pb_text][et_pb_text _builder_version=\u00a0\u00bb4.16&Prime; _module_preset=\u00a0\u00bbdefault\u00a0\u00bb text_font=\u00a0\u00bbCentury Gothic Bold||||||||\u00a0\u00bb text_text_color=\u00a0\u00bb#e02b20&Prime; header_text_color=\u00a0\u00bb#e02b20&Prime; header_3_font=\u00a0\u00bbCentury Gothic Bold||||||||\u00a0\u00bb header_3_text_color=\u00a0\u00bb#e02b20&Prime; custom_margin=\u00a0\u00bb||||false|false\u00a0\u00bb custom_padding=\u00a0\u00bb60px||||false|false\u00a0\u00bb global_colors_info=\u00a0\u00bb{}\u00a0\u00bb]<\/p>\n<h3>Quels cookies utilisons-nous ?<\/h3>\n<p>[\/et_pb_text][et_pb_text _builder_version=\u00a0\u00bb4.17.4&Prime; _module_preset=\u00a0\u00bbdefault\u00a0\u00bb text_font=\u00a0\u00bbCentury Gothic Regular||||||||\u00a0\u00bb hover_enabled=\u00a0\u00bb0&Prime; global_colors_info=\u00a0\u00bb{}\u00a0\u00bb sticky_enabled=\u00a0\u00bb0&Prime;]<\/p>\n<p>En fonction du terminal que vous utilisez pour naviguer sur notre site, nous mettons en place des Cookies notamment afin de :<br \/>&#8211; Vous identifier et mieux vous conna\u00eetre pour vous offrir une navigation personnalis\u00e9e.<br \/>&#8211; Vous assurer une s\u00e9curit\u00e9 de navigation et lutter contre la fraude.<br \/>&#8211; Vous proposer du contenu en lien avec vos centres d\u2019int\u00e9r\u00eat.<\/p>\n<p>D\u2019une mani\u00e8re g\u00e9n\u00e9rale, les cookies de notre site web entrent dans les cat\u00e9gories ci-dessous :<\/p>\n<p>&#8211; Cookie identit\u00e9 : Identification de l\u2019internaute lors de sa connexion au site. Cette cat\u00e9gorie inclut les cookies qui permettent au site de vous reconna\u00eetre au cours d\u2019une m\u00eame session et d\u2019am\u00e9liorer votre navigation au sein de notre site web.<\/p>\n<p>[\/et_pb_text][et_pb_text _builder_version=\u00a0\u00bb4.16&Prime; _module_preset=\u00a0\u00bbdefault\u00a0\u00bb text_text_color=\u00a0\u00bb#e02b20&Prime; header_3_font=\u00a0\u00bbCentury Gothic Bold||||||||\u00a0\u00bb header_3_text_color=\u00a0\u00bb#E02B20&Prime; custom_padding=\u00a0\u00bb60px||||false|false\u00a0\u00bb hover_enabled=\u00a0\u00bb0&Prime; global_colors_info=\u00a0\u00bb{}\u00a0\u00bb sticky_enabled=\u00a0\u00bb0&Prime;]<\/p>\n<h3>Vos choix concernant les cookies<\/h3>\n<p>[\/et_pb_text][et_pb_text _builder_version=\u00a0\u00bb4.16&Prime; _module_preset=\u00a0\u00bbdefault\u00a0\u00bb text_font=\u00a0\u00bbCentury Gothic||||||||\u00a0\u00bb hover_enabled=\u00a0\u00bb0&Prime; global_colors_info=\u00a0\u00bb{}\u00a0\u00bb sticky_enabled=\u00a0\u00bb0&Prime;]<\/p>\n<p>Plusieurs possibilit\u00e9s vous sont offertes pour g\u00e9rer les cookies. Tout param\u00e9trage que vous pouvez entreprendre sera susceptible de modifier votre navigation sur Internet et notre site ainsi que vos conditions d\u2019acc\u00e8s \u00e0 certains services n\u00e9cessitant l\u2019utilisation de cookies. Vous pouvez faire le choix \u00e0 tout moment d\u2019exprimer et de modifier vos souhaits en mati\u00e8re de cookies.<\/p>\n<p>Vous pouvez configurer votre logiciel de navigation de mani\u00e8re \u00e0 ce que des cookies soient enregistr\u00e9s dans votre terminal ou, au contraire, qu\u2019ils soient rejet\u00e9s, soit syst\u00e9matiquement, soit selon leur \u00e9metteur. Vous pouvez \u00e9galement configurer votre logiciel de navigation de mani\u00e8re \u00e0 ce que l\u2019acceptation ou le refus des cookies vous soient propos\u00e9s ponctuellement, avant qu\u2019un cookie soit susceptible d\u2019\u00eatre enregistr\u00e9 dans votre terminal. Pour plus d\u2019informations, consultez la rubrique COMMENT PARAM\u00c9TRER LES COOKIES VIA MON NAVIGATEUR INTERNET ? ci-dessous.<\/p>\n<p>1. L\u2019accord sur les Cookies<br \/>L\u2019enregistrement d\u2019un cookie dans un terminal est subordonn\u00e9 \u00e0 la volont\u00e9 de l\u2019utilisateur du terminal, que celui-ci peut exprimer et modifier \u00e0 tout moment et gratuitement \u00e0 travers les choix qui lui sont offerts par son logiciel de navigation. Si vous avez accept\u00e9 dans votre logiciel de navigation l\u2019enregistrement de cookies dans votre Terminal, les cookies int\u00e9gr\u00e9s dans les pages et contenus que vous avez consult\u00e9s pourront \u00eatre stock\u00e9s temporairement dans un espace d\u00e9di\u00e9 de votre terminal. Ils y seront lisibles uniquement par leur \u00e9metteur.<\/p>\n<p>2. Le refus des Cookies<br \/>Si vous refusez l\u2019enregistrement de cookies dans votre terminal, ou si vous supprimez ceux qui y sont enregistr\u00e9s, vous ne pourrez plus b\u00e9n\u00e9ficier d\u2019un certain nombre de fonctionnalit\u00e9s n\u00e9cessaires pour naviguer dans certains espaces de notre site. Tel serait le cas si vous tentiez d\u2019acc\u00e9der \u00e0 nos contenus ou services qui n\u00e9cessitent de vous identifier. Le cas \u00e9ch\u00e9ant, nous d\u00e9clinons toute responsabilit\u00e9 pour les cons\u00e9quences li\u00e9es au fonctionnement d\u00e9grad\u00e9 de nos services r\u00e9sultant de l\u2019impossibilit\u00e9 pour nous d\u2019enregistrer ou de consulter les cookies n\u00e9cessaires \u00e0 leur fonctionnement et que vous auriez refus\u00e9s ou supprim\u00e9s.<\/p>\n<p>[\/et_pb_text][et_pb_text _builder_version=\u00a0\u00bb4.16&Prime; _module_preset=\u00a0\u00bbdefault\u00a0\u00bb text_text_color=\u00a0\u00bb#e02b20&Prime; header_text_color=\u00a0\u00bb#e02b20&Prime; header_3_font=\u00a0\u00bbCentury Gothic Bold||||||||\u00a0\u00bb header_3_text_color=\u00a0\u00bb#E02B20&Prime; custom_padding=\u00a0\u00bb60px||||false|false\u00a0\u00bb hover_enabled=\u00a0\u00bb0&Prime; global_colors_info=\u00a0\u00bb{}\u00a0\u00bb sticky_enabled=\u00a0\u00bb0&Prime;]<\/p>\n<h3>Comment param\u00e9trer les cookies via mon navigateur internet ?<\/h3>\n<p>[\/et_pb_text][et_pb_text _builder_version=\u00a0\u00bb4.16&Prime; _module_preset=\u00a0\u00bbdefault\u00a0\u00bb text_font=\u00a0\u00bbCentury Gothic Regular||||||||\u00a0\u00bb hover_enabled=\u00a0\u00bb0&Prime; global_colors_info=\u00a0\u00bb{}\u00a0\u00bb sticky_enabled=\u00a0\u00bb0&Prime;]<\/p>\n<p>Les param\u00e8tres par d\u00e9faut des navigateurs internet sont habituellement r\u00e9gl\u00e9s de mani\u00e8re \u00e0 accepter les Cookies, mais vous pouvez facilement changer ces r\u00e9glages en modifiant les param\u00e8tres de votre navigateur. Toutefois, si vous choisissez de d\u00e9sactiver les Cookies via votre navigateur, il est possible que vous ne puissiez plus b\u00e9n\u00e9ficier de toutes les fonctionnalit\u00e9s que nous proposons \u00e0 travers nos sites.<\/p>\n<p>Nos serveurs ne sont pas configur\u00e9s pour collecter des informations personnelles sur les visiteurs du site en dehors des donn\u00e9es techniques suivantes : provenance des connexions (fournisseur d\u2019acc\u00e8s), adresse IP, type et version du navigateur utilis\u00e9. En aucun cas, nous ne collectons l\u2019adresse e-mail des visiteurs sans que ces derniers ne nous la communiquent d\u00e9lib\u00e9r\u00e9ment.<br \/>Les donn\u00e9es de trafic et les fichiers de cookies que nous implantons sur votre ordinateur ont uniquement pour finalit\u00e9 de nous permettre d\u2019analyser la fr\u00e9quentation de nos pages d\u2019information afin d\u2019en am\u00e9liorer le contenu. Les donn\u00e9es relatives \u00e0 la navigation des visiteurs ne sont pas exploit\u00e9es nominativement. Il s\u2019agit de statistiques agr\u00e9g\u00e9es permettant de conna\u00eetre les pages les plus et les moins populaires, les chemins pr\u00e9f\u00e9r\u00e9s, les niveaux d\u2019activit\u00e9 par jour de la semaine et par heure de la journ\u00e9e, les principales erreurs clients ou serveur.<br \/>Nous vous rappelons que vous disposez, dans votre logiciel de navigation, de la possibilit\u00e9 de bloquer l\u2019implantation de cookies sur votre ordinateur.<\/p>\n<p>Pour plus d\u2019informations sur le param\u00e9trage des Cookies, vous pourrez consulter les sites suivants :<a href=\"http:\/\/www.cnil.fr\/vos-droits\/vos-traces\/les-cookies\/\"> http:\/\/www.cnil.fr\/vos-droits\/vos-traces\/les-cookies\/<\/a><br \/>Pour Internet Explorer\u2122 : <a href=\"http:\/\/windows.microsoft.com\/fr-FR\/windows-vista\/Block-or-allow-cookies\">http:\/\/windows.microsoft.com\/fr-FR\/windows-vista\/Block-or-allow-cookies<\/a><br \/>Pour Safari\u2122 : <a href=\"http:\/\/support.apple.com\/kb\/ht1677?viewlocale=fr_FR]\">http:\/\/support.apple.com\/kb\/ht1677?viewlocale=fr_FR]<\/a><br \/>Pour Chrome\u2122 : <a href=\"https:\/\/support.google.com\/chrome\/answer\/95647?hl=fr\">https:\/\/support.google.com\/chrome\/answer\/95647?hl=fr<\/a><br \/>Pour Firefox\u2122 : <a href=\"https:\/\/support.mozilla.org\/fr\/kb\/activer-desactiver-cookies\">https:\/\/support.mozilla.org\/fr\/kb\/activer-desactiver-cookies<\/a><br \/>Pour Opera\u2122 : <a href=\"http:\/\/help.opera.com\/Windows\/10.20\/fr\/cookies.html\">http:\/\/help.opera.com\/Windows\/10.20\/fr\/cookies.html<\/a><\/p>\n<p>[\/et_pb_text][\/et_pb_column][\/et_pb_row][\/et_pb_section]<\/p>\n","protected":false},"excerpt":{"rendered":"<p>INFORMATIONS SUR LES COOKIESQu\u2019est-ce qu\u2019un cookie ?Un cookie est une information d\u00e9pos\u00e9e sur le disque dur d\u2019un internaute par le serveur du site qu\u2019il visite. Il contient plusieurs donn\u00e9es : le nom du serveur qui l\u2019a d\u00e9pos\u00e9, un identifiant sous forme de num\u00e9ro unique, \u00e9ventuellement une date d\u2019expiration. Ces informations sont parfois stock\u00e9es sur l\u2019ordinateur [&hellip;]<\/p>\n","protected":false},"author":1,"featured_media":0,"parent":0,"menu_order":0,"comment_status":"closed","ping_status":"closed","template":"","meta":{"_acf_changed":false,"_et_pb_use_builder":"on","_et_pb_old_content":"","_et_gb_content_width":"","footnotes":""},"class_list":["post-1824","page","type-page","status-publish","hentry"],"acf":[],"_links":{"self":[{"href":"https:\/\/axenco.com\/index.php?rest_route=\/wp\/v2\/pages\/1824","targetHints":{"allow":["GET"]}}],"collection":[{"href":"https:\/\/axenco.com\/index.php?rest_route=\/wp\/v2\/pages"}],"about":[{"href":"https:\/\/axenco.com\/index.php?rest_route=\/wp\/v2\/types\/page"}],"author":[{"embeddable":true,"href":"https:\/\/axenco.com\/index.php?rest_route=\/wp\/v2\/users\/1"}],"replies":[{"embeddable":true,"href":"https:\/\/axenco.com\/index.php?rest_route=%2Fwp%2Fv2%2Fcomments&post=1824"}],"version-history":[{"count":5,"href":"https:\/\/axenco.com\/index.php?rest_route=\/wp\/v2\/pages\/1824\/revisions"}],"predecessor-version":[{"id":2218,"href":"https:\/\/axenco.com\/index.php?rest_route=\/wp\/v2\/pages\/1824\/revisions\/2218"}],"wp:attachment":[{"href":"https:\/\/axenco.com\/index.php?rest_route=%2Fwp%2Fv2%2Fmedia&parent=1824"}],"curies":[{"name":"wp","href":"https:\/\/api.w.org\/{rel}","templated":true}]}}